{"id":480,"date":"2020-07-29T20:10:17","date_gmt":"2020-07-29T17:10:17","guid":{"rendered":"https:\/\/afacerver.ee\/about\/"},"modified":"2020-08-10T17:48:34","modified_gmt":"2020-08-10T14:48:34","slug":"about","status":"publish","type":"page","link":"https:\/\/afacerver.ee\/fi\/about\/","title":{"rendered":"About us"},"content":{"rendered":"<p>[vc_row full_width=&#8221;stretch_row&#8221; el_id=&#8221;about&#8221; css=&#8221;.vc_custom_1597053939927{border-top-width: 40px !important;background-color: #f9f9f9 !important;}&#8221;][vc_column][vc_column_text css=&#8221;.vc_custom_1597070769084{margin-bottom: 50px !important;}&#8221;]<\/p>\n<h1 style=\"text-align: center;\">Meist\u00e4<\/h1>\n<p>[\/vc_column_text][vc_column_text]<\/p>\n<h3><strong>AFACERVER O\u00dc<\/strong><\/h3>\n<p>Tarjoamme teille luotettavaa ja vakaata verkkohotellia. Annamme mahdollisuuden luoda rajattoman m\u00e4\u00e4r\u00e4n s\u00e4hk\u00f6postiosoitteita, tietokantoja, verkkotunnuksia ja paljon muuta. Olemme joustavia ja voimme tarjota teille henkil\u00f6kohtaisia palvelimen asetuksia. Pid\u00e4mme asiakaspalveluty\u00f6st\u00e4 ja vastamme teid\u00e4n kysymyksiinne nopeasti![\/vc_column_text][vc_column_text]<\/p>\n<h3><strong>OTA YHTEYTT\u00c4:<\/strong><\/h3>\n<p id=\"black\"><strong>AFACERVER O\u00dc<\/strong><br \/>\n<strong>REKISTERINUMERO:<\/strong>\u00a011595976<br \/>\n<strong>OSOITE:<\/strong>Kooli 4-21 Rummu alevik, Vasalemma vald, Harjumaa 76102 , Estonia<br \/>\n<strong>S-OSOITE:<\/strong>\u00a0<a href=\"mailto:support@afacerver.ee\">support@afacerver.ee<\/a><\/p>\n<p>[\/vc_column_text][vc_column_text]<\/p>\n<h3><strong>PANKIN TIEDOT:<\/strong><\/h3>\n<p><strong>PANKIN NIMI:<\/strong> Swedbank AS<br \/>\n<strong>SWIFT code\/bic:<\/strong> HABAEE2X<br \/>\n<strong>IBAN:<\/strong> EE392200221045001335<br \/>\n<strong>KONTO:<\/strong> 221045001335[\/vc_column_text][vc_separator color=&#8221;custom&#8221; border_width=&#8221;2&#8243; accent_color=&#8221;#acacac&#8221;][vc_column_text]<\/p>\n<h3 id=\"first\"><strong>AFACERVER:in PALVELIMET SIJAITSEVAT:<\/strong><\/h3>\n<p>Tallinna (Estonia Wavecom)<br \/>\nAFACERVER k\u00e4ytt\u00e4\u00e4 vain parhaita laitteistoja, jotka tarjoavat erinomaista toimintaa ja ovat todistaneet luotettavuutensa meid\u00e4n asiakkaillemme.[\/vc_column_text][vc_column_text]<\/p>\n<h3><strong>TIETOKESKUS:<\/strong><\/h3>\n<p>Paikallinen fyysinen turvallisuus, ylikuormituskytkimet, reitittimet, UPS-j\u00e4rjestelm\u00e4t, ilmastointij\u00e4rjestelm\u00e4.[\/vc_column_text][vc_column_text]<\/p>\n<h3><strong>LIITETT\u00c4VYYS:<\/strong><\/h3>\n<p>Yhteens\u00e4 on 24Gb ulkoisia linkkej\u00e4, jotka k\u00e4ytt\u00e4v\u00e4t eri merikaapeleita ja reitittimi\u00e4. Verkkoyhteys kaappeihin kahdesta eri Cisco 6509-E ja Nexus 5000 kytkimist\u00e4. Palvelinhuoneessa on k\u00e4ytetty valokaapeleita.[\/vc_column_text][vc_column_text]<\/p>\n<h3><strong>PALVELIMET:<\/strong><\/h3>\n<p>Huollamme laitteita oikea-aikaisesti est\u00e4\u00e4ksemme j\u00e4rjestelm\u00e4virheit\u00e4.[\/vc_column_text][vc_column_text]<\/p>\n<h3><strong>TIETOSTOT:<\/strong><\/h3>\n<p>K\u00e4yt\u00e4mme tietojen tallennuksiin ja hakuihin useita varmuuskopioj\u00e4rjestelmi\u00e4.<\/p>\n<p>Me olemme aina valmiita vastaamaan kysymyksiin ja ratkaisemaan teid\u00e4n ongelmia![\/vc_column_text][\/vc_column][\/vc_row]<\/p>\n","protected":false},"excerpt":{"rendered":"<p>[vc_row full_width=&#8221;stretch_row&#8221; el_id=&#8221;about&#8221; css=&#8221;.vc_custom_1597053939927{border-top-width: 40px !important;background-color: #f9f9f9 !important;}&#8221;][vc_column][vc_column_text css=&#8221;.vc_custom_1597070769084{margin-bottom: 50px !important;}&#8221;] Meist\u00e4 [\/vc_column_text][vc_column_text] AFACERVER O\u00dc Tarjoamme teille luotettavaa ja vakaata verkkohotellia. Annamme mahdollisuuden luoda rajattoman m\u00e4\u00e4r\u00e4n s\u00e4hk\u00f6postiosoitteita, tietokantoja, verkkotunnuksia ja paljon muuta. Olemme joustavia ja voimme tarjota teille henkil\u00f6kohtaisia palvelimen asetuksia. Pid\u00e4mme asiakaspalveluty\u00f6st\u00e4 ja vastamme teid\u00e4n kysymyksiinne nopeasti![\/vc_column_text][vc_column_text] OTA YHTEYTT\u00c4: AFACERVER O\u00dc REKISTERINUMERO:\u00a011595976 OSOITE:Kooli 4-21 [&hellip;]<\/p>\n","protected":false},"author":1,"featured_media":0,"parent":0,"menu_order":0,"comment_status":"closed","ping_status":"closed","template":"","meta":{"footnotes":""},"class_list":["post-480","page","type-page","status-publish","hentry"],"_links":{"self":[{"href":"https:\/\/afacerver.ee\/fi\/wp-json\/wp\/v2\/pages\/480","targetHints":{"allow":["GET"]}}],"collection":[{"href":"https:\/\/afacerver.ee\/fi\/wp-json\/wp\/v2\/pages"}],"about":[{"href":"https:\/\/afacerver.ee\/fi\/wp-json\/wp\/v2\/types\/page"}],"author":[{"embeddable":true,"href":"https:\/\/afacerver.ee\/fi\/wp-json\/wp\/v2\/users\/1"}],"replies":[{"embeddable":true,"href":"https:\/\/afacerver.ee\/fi\/wp-json\/wp\/v2\/comments?post=480"}],"version-history":[{"count":2,"href":"https:\/\/afacerver.ee\/fi\/wp-json\/wp\/v2\/pages\/480\/revisions"}],"predecessor-version":[{"id":482,"href":"https:\/\/afacerver.ee\/fi\/wp-json\/wp\/v2\/pages\/480\/revisions\/482"}],"wp:attachment":[{"href":"https:\/\/afacerver.ee\/fi\/wp-json\/wp\/v2\/media?parent=480"}],"curies":[{"name":"wp","href":"https:\/\/api.w.org\/{rel}","templated":true}]}}