{"id":40,"date":"2020-07-29T20:03:03","date_gmt":"2020-07-29T17:03:03","guid":{"rendered":"https:\/\/afacerver.ee\/%d0%b3%d0%bb%d0%b0%d0%b2%d0%bd%d0%b0%d1%8f\/"},"modified":"2025-09-27T20:56:48","modified_gmt":"2025-09-27T17:56:48","slug":"%d0%b3%d0%bb%d0%b0%d0%b2%d0%bd%d0%b0%d1%8f","status":"publish","type":"page","link":"https:\/\/afacerver.ee\/fi\/","title":{"rendered":"Etusivu"},"content":{"rendered":"<p>[vc_row full_width=&#8221;stretch_row&#8221; el_id=&#8221;domain&#8221; css=&#8221;.vc_custom_1596544866080{background-color: #e8e4e4 !important;}&#8221;][vc_column css=&#8221;.vc_custom_1596545242488{padding-top: 40px !important;}&#8221;][vc_column_text css=&#8221;.vc_custom_1597069194331{margin-bottom: 50px !important;}&#8221;]<\/p>\n<h2 style=\"text-align: center;\">Verkkotunnus<\/h2>\n<p>[\/vc_column_text][vc_raw_html]JTNDZGl2JTIwaWQlM0QlMjJkb21haW4tYnV0dG9ucyUyMiUzRSUwQSUyMCUyMCUyMCUyMCUzQ2Zvcm0lMjBhY3Rpb24lM0QlMjJodHRwcyUzQSUyRiUyRnd3dy5hZmFjZXJ2ZXIuZWUlMkZpc2V0ZWVuaW5kdXMlMkZkb21haW5jaGVja2VyLnBocCUzRmxhbmd1YWdlJTNEc3VvbWklMjIlMjBtZXRob2QlM0QlMjJwb3N0JTIyJTNFJTBBJTIwJTIwJTIwJTIwJTIwJTIwJTIwJTIwJTNDZGl2JTIwY2xhc3MlM0QlMjJpbnB1dC1ncm91cCUyMGlucHV0LWdyb3VwLWxnJTIwaW5wdXQtZ3JvdXAtYm94JTIyJTNFJTBBJTIwJTIwJTIwJTIwJTIwJTIwJTIwJTIwJTIwJTIwJTIwJTIwJTNDaW5wdXQlMjB0eXBlJTNEJTIyaGlkZGVuJTIyJTIwbmFtZSUzRCUyMmRpcmVjdCUyMiUyMHZhbHVlJTNEJTIydHJ1ZSUyMiUyMCUyRiUzRSUwQSUyMCUyMCUyMCUyMCUyMCUyMCUyMCUyMCUyMCUyMCUyMCUyMCUzQ2lucHV0JTIwdHlwZSUzRCUyMnRleHQlMjIlMjBuYW1lJTNEJTIyZG9tYWluJTIyJTIwc2l6ZSUzRCUyMjIwJTIyJTIwY2xhc3MlM0QlMjJmb3JtLWNvbnRyb2wlMjIlMjAlMkYlM0UlMEElMjAlMjAlMjAlMjAlMjAlMjAlMjAlMjAlMjAlMjAlMjAlMjAlM0NzZWxlY3QlMjBuYW1lJTNEJTIyZXh0JTIyJTIwY2xhc3MlM0QlMjJmb3JtLWNvbnRyb2wlMjIlM0UlMEElMjAlMjAlMjAlMjAlMjAlMjAlMjAlMjAlMjAlMjAlMjAlMjAlMjAlMjAlMjAlMjAlM0NvcHRpb24lM0UuZWUlM0MlMkZvcHRpb24lM0UlMEElMjAlMjAlMjAlMjAlMjAlMjAlMjAlMjAlMjAlMjAlMjAlMjAlMjAlMjAlMjAlMjAlM0NvcHRpb24lM0UuZXUlM0MlMkZvcHRpb24lM0UlMEElMjAlMjAlMjAlMjAlMjAlMjAlMjAlMjAlMjAlMjAlMjAlMjAlMjAlMjAlMjAlMjAlM0NvcHRpb24lM0UuZmklM0MlMkZvcHRpb24lM0UlMEElMjAlMjAlMjAlMjAlMjAlMjAlMjAlMjAlMjAlMjAlMjAlMjAlMjAlMjAlMjAlMjAlM0NvcHRpb24lM0UubHYlM0MlMkZvcHRpb24lM0UlMEElMjAlMjAlMjAlMjAlMjAlMjAlMjAlMjAlMjAlMjAlMjAlMjAlMjAlMjAlMjAlMjAlM0NvcHRpb24lM0UubHQlM0MlMkZvcHRpb24lM0UlMEElMjAlMjAlMjAlMjAlMjAlMjAlMjAlMjAlMjAlMjAlMjAlMjAlMjAlMjAlMjAlMjAlM0NvcHRpb24lM0Uubm8lM0MlMkZvcHRpb24lM0UlMEElMjAlMjAlMjAlMjAlMjAlMjAlMjAlMjAlMjAlMjAlMjAlMjAlMjAlMjAlMjAlMjAlM0NvcHRpb24lM0Uuc2UlM0MlMkZvcHRpb24lM0UlMEElMjAlMjAlMjAlMjAlMjAlMjAlMjAlMjAlMjAlMjAlMjAlMjAlMjAlMjAlMjAlMjAlM0NvcHRpb24lM0UucnUlM0MlMkZvcHRpb24lM0UlMEElMjAlMjAlMjAlMjAlMjAlMjAlMjAlMjAlMjAlMjAlMjAlMjAlMjAlMjAlMjAlMjAlM0NvcHRpb24lM0UuY29tJTNDJTJGb3B0aW9uJTNFJTBBJTIwJTIwJTIwJTIwJTIwJTIwJTIwJTIwJTIwJTIwJTIwJTIwJTIwJTIwJTIwJTIwJTNDb3B0aW9uJTNFLm9yZyUzQyUyRm9wdGlvbiUzRSUwQSUyMCUyMCUyMCUyMCUyMCUyMCUyMCUyMCUyMCUyMCUyMCUyMCUyMCUyMCUyMCUyMCUzQ29wdGlvbiUzRS5uZXQlM0MlMkZvcHRpb24lM0UlMEElMjAlMjAlMjAlMjAlMjAlMjAlMjAlMjAlMjAlMjAlMjAlMjAlMjAlMjAlMjAlMjAlM0NvcHRpb24lM0UuaW5mbyUzQyUyRm9wdGlvbiUzRSUwQSUyMCUyMCUyMCUyMCUyMCUyMCUyMCUyMCUyMCUyMCUyMCUyMCUyMCUyMCUyMCUyMCUzQ29wdGlvbiUzRS5iaXolM0MlMkZvcHRpb24lM0UlMEElMjAlMjAlMjAlMjAlMjAlMjAlMjAlMjAlMjAlMjAlMjAlMjAlMjAlMjAlMjAlMjAlM0NvcHRpb24lM0UuY28lM0MlMkZvcHRpb24lM0UlMEElMjAlMjAlMjAlMjAlMjAlMjAlMjAlMjAlMjAlMjAlMjAlMjAlMjAlMjAlMjAlMjAlM0NvcHRpb24lM0UuaXQlM0MlMkZvcHRpb24lM0UlMEElMjAlMjAlMjAlMjAlMjAlMjAlMjAlMjAlMjAlMjAlMjAlMjAlM0MlMkZzZWxlY3QlM0UlMEElMjAlMjAlMjAlMjAlMjAlMjAlMjAlMjAlMjAlMjAlMjAlMjAlM0NpbnB1dCUyMHR5cGUlM0QlMjJzdWJtaXQlMjIlMjB2YWx1ZSUzRCUyMkhha3UlMjIlMjBjbGFzcyUzRCUyMmJ0biUyMGJ0bi1wcmltYXJ5JTIwZG9tYWluLWNoZWNrLWF2YWlsYWJpbGl0eSUyMiUyMCUyRiUzRSUwQSUyMCUyMCUyMCUyMCUyMCUyMCUyMCUyMCUzQyUyRmRpdiUzRSUwQSUyMCUyMCUyMCUyMCUzQyUyRmZvcm0lM0UlMEElM0MlMkZkaXYlM0U=[\/vc_raw_html][vc_btn title=&#8221;Domeeni Siirt\u00e4minen&#8221; shape=&#8221;square&#8221; align=&#8221;center&#8221; css_animation=&#8221;none&#8221; link=&#8221;url:https%3A%2F%2Fafacerver.ee%2Fiseteenindus%2Fcart.php%3Fa%3Dadd%26domain%3Dtransfer%26sld%3D%26tld%3D.com%26language%3Dsuomi|||&#8221; el_class=&#8221;button-domain-transport&#8221;][vc_column_text]<\/p>\n<table class=\"table table-striped table-framed\">\n<thead>\n<tr>\n<th class=\"text-center\">TLD<\/th>\n<th class=\"text-center\">V\u00e4himm\u00e4isaika (vuotta)<\/th>\n<th class=\"text-center\">Verkkotunnuksen rekister\u00f6inti<\/th>\n<th class=\"text-center\">Siirt\u00e4minen<\/th>\n<th class=\"text-center\">Jatkaminen<\/th>\n<\/tr>\n<\/thead>\n<tbody>\n<tr>\n<td>ee<\/td>\n<td class=\"text-center\">1<\/td>\n<td class=\"text-center\">12\u20ac<\/td>\n<td class=\"text-center\">12\u20ac<\/td>\n<td class=\"text-center\">12\u20ac<\/td>\n<\/tr>\n<tr>\n<td>eu<\/td>\n<td class=\"text-center\">1<\/td>\n<td class=\"text-center\">12\u20ac<\/td>\n<td class=\"text-center\">12\u20ac<\/td>\n<td class=\"text-center\">12\u20ac<\/td>\n<\/tr>\n<tr>\n<td>fi<\/td>\n<td class=\"text-center\">1<\/td>\n<td class=\"text-center\">20\u20ac<\/td>\n<td class=\"text-center\">20\u20ac<\/td>\n<td class=\"text-center\">20\u20ac<\/td>\n<\/tr>\n<tr>\n<td>lv<\/td>\n<td class=\"text-center\">1<\/td>\n<td class=\"text-center\">23\u20ac<\/td>\n<td class=\"text-center\">23\u20ac<\/td>\n<td class=\"text-center\">23\u20ac<\/td>\n<\/tr>\n<tr>\n<td>lt<\/td>\n<td class=\"text-center\">1<\/td>\n<td class=\"text-center\">16\u20ac<\/td>\n<td class=\"text-center\">16\u20ac<\/td>\n<td class=\"text-center\">16\u20ac<\/td>\n<\/tr>\n<tr>\n<td>pro<\/td>\n<td class=\"text-center\">1<\/td>\n<td class=\"text-center\">20\u20ac<\/td>\n<td class=\"text-center\">20\u20ac<\/td>\n<td class=\"text-center\">20\u20ac<\/td>\n<\/tr>\n<tr>\n<td>dev<\/td>\n<td class=\"text-center\">1<\/td>\n<td class=\"text-center\">20\u20ac<\/td>\n<td class=\"text-center\">20\u20ac<\/td>\n<td class=\"text-center\">20\u20ac<\/td>\n<\/tr>\n<tr>\n<td>ru<\/td>\n<td class=\"text-center\">1<\/td>\n<td class=\"text-center\">9\u20ac<\/td>\n<td class=\"text-center\">9\u20ac<\/td>\n<td class=\"text-center\">9\u20ac<\/td>\n<\/tr>\n<tr>\n<td>com<\/td>\n<td class=\"text-center\">1<\/td>\n<td class=\"text-center\">16\u20ac<\/td>\n<td class=\"text-center\">16\u20ac<\/td>\n<td class=\"text-center\">16\u20ac<\/td>\n<\/tr>\n<tr>\n<td>org<\/td>\n<td class=\"text-center\">1<\/td>\n<td class=\"text-center\">17\u20ac<\/td>\n<td class=\"text-center\">17\u20ac<\/td>\n<td class=\"text-center\">17\u20ac<\/td>\n<\/tr>\n<tr>\n<td>net<\/td>\n<td class=\"text-center\">1<\/td>\n<td class=\"text-center\">17\u20ac<\/td>\n<td class=\"text-center\">17\u20ac<\/td>\n<td class=\"text-center\">17\u20ac<\/td>\n<\/tr>\n<tr>\n<td>info<\/td>\n<td class=\"text-center\">1<\/td>\n<td class=\"text-center\">15\u20ac<\/td>\n<td class=\"text-center\">15\u20ac<\/td>\n<td class=\"text-center\">15\u20ac<\/td>\n<\/tr>\n<tr>\n<td>biz<\/td>\n<td class=\"text-center\">1<\/td>\n<td class=\"text-center\">20\u20ac<\/td>\n<td class=\"text-center\">20\u20ac<\/td>\n<td class=\"text-center\">20\u20ac<\/td>\n<\/tr>\n<tr>\n<td>co<\/td>\n<td class=\"text-center\">1<\/td>\n<td class=\"text-center\">30.00\u20ac<\/td>\n<td class=\"text-center\">30.00\u20ac<\/td>\n<td class=\"text-center\">30.00\u20ac<\/td>\n<\/tr>\n<tr>\n<td>it<\/td>\n<td class=\"text-center\">1<\/td>\n<td class=\"text-center\">15.00\u20ac<\/td>\n<td class=\"text-center\">15.00\u20ac<\/td>\n<td class=\"text-center\">15.00\u20ac<\/td>\n<\/tr>\n<\/tbody>\n<\/table>\n<p>[\/vc_column_text][\/vc_column][\/vc_row][vc_row full_width=&#8221;stretch_row&#8221; css=&#8221;.vc_custom_1596195193347{background-color: #f1f1f1 !important;}&#8221; el_id=&#8221;hosting&#8221;][vc_column css=&#8221;.vc_custom_1596545468658{padding-top: 40px !important;}&#8221;][vc_row_inner][vc_column_inner][vc_column_text css=&#8221;.vc_custom_1597069297832{margin-bottom: 50px !important;}&#8221;]<\/p>\n<h2 style=\"text-align: center;\">Webhotelli<\/h2>\n<p>[\/vc_column_text][\/vc_column_inner][\/vc_row_inner][vc_row_inner el_class=&#8221;hosting__rates&#8221;][vc_column_inner el_class=&#8221;price-tab-1&#8243; width=&#8221;1\/3&#8243;][vc_column_text]<\/p>\n<table class=\"comparison-table comparison-table-purchase\">\n<thead>\n<tr>\n<th class=\"ml-blog\">\n<div class=\"cell-wrapper\">\n<div class=\"cell-wrapper-content\">\n<h2>PRIME<\/h2>\n<\/div>\n<\/div>\n<\/th>\n<\/tr>\n<tr>\n<th style=\"color: #333;\">Yksinkertainen, informatiivinen sivusto.<\/th>\n<\/tr>\n<tr>\n<th><a href=\"https:\/\/afacerver.ee\/iseteenindus\/cart.php?a=add&amp;pid=15&amp;language=suomi\">9.99 \u20ac \/ kk<\/a><\/th>\n<\/tr>\n<\/thead>\n<tbody>\n<tr>\n<td><span class=\"ico-ok\">250Gb SSD Levytila<\/span><\/td>\n<\/tr>\n<tr>\n<td><span class=\"ico-ok\">500GB Kaistanleveys<\/span><\/td>\n<\/tr>\n<tr>\n<td><span class=\"ico-ok\">2GB RAM<\/span><\/td>\n<\/tr>\n<tr>\n<td><span class=\"ico-ok\">2 CPU<\/span><\/td>\n<\/tr>\n<tr>\n<td><span class=\"ico-ok\">Inodes limit 300000<\/span><\/td>\n<\/tr>\n<tr>\n<td><span class=\"ico-ok\">Rajattomasti s\u00e4hk\u00f6postisoitteita<\/span><\/td>\n<\/tr>\n<tr>\n<td><span class=\"ico-ok\">Rajattomasti verkkotunnuksia<\/span><\/td>\n<\/tr>\n<tr>\n<td><span class=\"ico-ok\">Rajattomasti aliverkkotunnuksia<\/span><\/td>\n<\/tr>\n<tr>\n<td><span class=\"ico-ok\">PHP 5.6 &#8211; 8.3<\/span><\/td>\n<\/tr>\n<tr>\n<td><span class=\"ico-ok\">Varmuuskopiot 14 p\u00e4iv\u00e4\u00e4<\/span><\/td>\n<\/tr>\n<tr>\n<td><span class=\"ico-ok\">Let&#8217;s encrypt<\/span><\/td>\n<\/tr>\n<tr class=\"empty-block\">\n<td>Verkkosivuston tuki, taso 1<\/td>\n<\/tr>\n<\/tbody>\n<tfoot>\n<tr>\n<td class=\"ml-cms\">\n<div class=\"cell-wrapper\"><a href=\"https:\/\/afacerver.ee\/iseteenindus\/cart.php?a=add&amp;pid=15&amp;language=suomi\"><button class=\"order-btn\">Tilaa heti<\/button><\/a><\/div>\n<\/td>\n<\/tr>\n<\/tfoot>\n<\/table>\n<p>[\/vc_column_text][\/vc_column_inner][vc_column_inner el_class=&#8221;price-tab-2&#8243; width=&#8221;1\/3&#8243;][vc_column_text]<\/p>\n<table class=\"comparison-table comparison-table-purchase\">\n<thead>\n<tr>\n<th class=\"ml-blog\">\n<div class=\"cell-wrapper\">\n<div class=\"cell-wrapper-content\">\n<h2>PRO<\/h2>\n<\/div>\n<\/div>\n<\/th>\n<\/tr>\n<tr>\n<th style=\"color: #333;\">Sopii aloittavalle verkkokaupalle, joka on saavuttamassa lis\u00e4\u00e4 suosiota.<\/th>\n<\/tr>\n<tr>\n<th><a href=\"https:\/\/afacerver.ee\/iseteenindus\/cart.php?a=add&amp;pid=13&amp;language=suomi\">19.99 \u20ac \/ kk<\/a><\/th>\n<\/tr>\n<\/thead>\n<tbody>\n<tr>\n<td class=\"ml-cms-wrap\">\n<div class=\"ml-cms-wrap-inner\"><span class=\"ico-ok\">250Gb SSD Levytila<\/span><\/div>\n<\/td>\n<\/tr>\n<tr>\n<td class=\"ml-cms-wrap\">\n<div class=\"ml-cms-wrap-inner\"><span class=\"ico-ok\">1TB Kaistanleveys<\/span><\/div>\n<\/td>\n<\/tr>\n<tr>\n<td><span class=\"ico-ok\">6GB RAM<\/span><\/td>\n<\/tr>\n<tr>\n<td><span class=\"ico-ok\">6 CPU<\/span><\/td>\n<\/tr>\n<tr>\n<td><span class=\"ico-ok\">Inodes limit 600000<\/span><\/td>\n<\/tr>\n<tr>\n<td class=\"ml-cms-wrap\">\n<div class=\"ml-cms-wrap-inner\"><span class=\"ico-ok\">Rajattomasti s\u00e4hk\u00f6postisoitteita<\/span><\/div>\n<\/td>\n<\/tr>\n<tr>\n<td class=\"ml-cms-wrap\">\n<div class=\"ml-cms-wrap-inner\"><span class=\"ico-ok\">Rajattomasti verkkotunnuksia<\/span><\/div>\n<\/td>\n<\/tr>\n<tr>\n<td class=\"ml-cms-wrap\">\n<div class=\"ml-cms-wrap-inner\"><span class=\"ico-ok\">Rajattomasti aliverkkotunnuksia<\/span><\/div>\n<\/td>\n<\/tr>\n<tr>\n<td><span class=\"ico-ok\">PHP 5.6 &#8211; 8.3<\/span><\/td>\n<\/tr>\n<tr>\n<td><span class=\"ico-ok\">Varmuuskopiot 14 p\u00e4iv\u00e4\u00e4<\/span><\/td>\n<\/tr>\n<tr>\n<td><span class=\"ico-ok\">Let&#8217;s encrypt<\/span><\/td>\n<\/tr>\n<tr>\n<td>AccelerateWP &amp; Smart Advice<\/td>\n<\/tr>\n<tr>\n<td>Redis cache<\/td>\n<\/tr>\n<tr>\n<td>X-Ray<\/td>\n<\/tr>\n<tr class=\"empty-block\">\n<td>Verkkosivuston tuki, taso 2<\/td>\n<\/tr>\n<\/tbody>\n<tfoot>\n<tr>\n<td class=\"ml-cms\">\n<div class=\"cell-wrapper\"><a href=\"https:\/\/afacerver.ee\/iseteenindus\/cart.php?a=add&amp;pid=13&amp;language=suomi\"><button class=\"order-btn\">Tilaa heti<\/button><\/a><\/div>\n<\/td>\n<\/tr>\n<\/tfoot>\n<\/table>\n<p>[\/vc_column_text][\/vc_column_inner][vc_column_inner el_class=&#8221;price-tab-3&#8243; width=&#8221;1\/3&#8243;][vc_column_text]<\/p>\n<table class=\"comparison-table comparison-table-purchase\">\n<thead>\n<tr>\n<th class=\"ml-blog\">\n<div class=\"cell-wrapper\">\n<div class=\"cell-wrapper-content\">\n<h2>PROplus<\/h2>\n<\/div>\n<\/div>\n<\/th>\n<\/tr>\n<tr>\n<th style=\"color: #333;\">Suuremmalle yritykselle, joka tarvitsee enemm\u00e4n tilaa ja yksil\u00f6llisempi\u00e4 palvelimen asetuksia.<\/th>\n<\/tr>\n<tr>\n<th><a href=\"https:\/\/afacerver.ee\/iseteenindus\/cart.php?a=add&amp;pid=12&amp;language=suomi\">49.99 \u20ac \/ kk<\/a><\/th>\n<\/tr>\n<\/thead>\n<tbody>\n<tr>\n<td><span class=\"ico-ok\">xGb SSD Levytila<\/span><\/td>\n<\/tr>\n<tr>\n<td><span class=\"ico-ok\">xTB Kaistanleveys<\/span><\/td>\n<\/tr>\n<tr>\n<td><span class=\"ico-ok\">xGB RAM<\/span><\/td>\n<\/tr>\n<tr>\n<td><span class=\"ico-ok\">x CPU<\/span><\/td>\n<\/tr>\n<tr>\n<td><span class=\"ico-ok\">Inodes limit x<\/span><\/td>\n<\/tr>\n<tr>\n<td><span class=\"ico-ok\">Rajattomasti s\u00e4hk\u00f6postisoitteita<\/span><\/td>\n<\/tr>\n<tr>\n<td><span class=\"ico-ok\">Rajattomasti verkkotunnuksia<\/span><\/td>\n<\/tr>\n<tr>\n<td><span class=\"ico-ok\">Rajattomasti aliverkkotunnuksia<\/span><\/td>\n<\/tr>\n<tr>\n<td><span class=\"ico-ok\">PHP 5.6 &#8211; 8.3<\/span><\/td>\n<\/tr>\n<tr>\n<td><span class=\"ico-ok\">Varmuuskopiot 14 p\u00e4iv\u00e4\u00e4<\/span><\/td>\n<\/tr>\n<tr>\n<td><span class=\"ico-ok\">Let&#8217;s encrypt<\/span><\/td>\n<\/tr>\n<tr>\n<td><span class=\"ico-ok\">1 Erillinen IP-osoite<\/span><\/td>\n<\/tr>\n<tr>\n<td><span class=\"ico-ok\">1 Ilmainen Comodo SSL\/HTTPS-sertifikaatti<\/span><\/td>\n<\/tr>\n<tr>\n<td>AccelerateWP &amp; Smart Advice<\/td>\n<\/tr>\n<tr>\n<td>Redis cache<\/td>\n<\/tr>\n<tr>\n<td>X-Ray<\/td>\n<\/tr>\n<tr class=\"empty-block\">\n<td>Verkkosivuston tuki, taso 3<\/td>\n<\/tr>\n<\/tbody>\n<tfoot>\n<tr>\n<td class=\"ml-cms-lifetime\">\n<div class=\"cell-wrapper\"><a href=\"https:\/\/afacerver.ee\/iseteenindus\/cart.php?a=add&amp;pid=12&amp;language=suomi\"><button class=\"order-btn\">Tilaa heti<\/button><\/a><\/div>\n<\/td>\n<\/tr>\n<\/tfoot>\n<\/table>\n<p>[\/vc_column_text][\/vc_column_inner][\/vc_row_inner][\/vc_column][\/vc_row][vc_row full_width=&#8221;stretch_row&#8221; el_id=&#8221;service&#8221; css=&#8221;.vc_custom_1596556790302{background-color: #f9f9f9 !important;}&#8221;][vc_column css=&#8221;.vc_custom_1596545510726{padding-top: 40px !important;}&#8221;][vc_column_text css=&#8221;.vc_custom_1597069591557{margin-bottom: 50px !important;}&#8221;]<\/p>\n<h2 style=\"text-align: center;\">Meid\u00e4n etumme<\/h2>\n<p>[\/vc_column_text][vc_row_inner][vc_column_inner width=&#8221;1\/4&#8243;][vc_single_image image=&#8221;109&#8243; img_size=&#8221;full&#8221;][vc_column_text]<\/p>\n<h3 style=\"text-align: center;\">cPanel<\/h3>\n<p>[\/vc_column_text][\/vc_column_inner][vc_column_inner width=&#8221;1\/4&#8243;][vc_single_image image=&#8221;113&#8243; img_size=&#8221;full&#8221;][vc_column_text]<\/p>\n<h3 style=\"text-align: center;\">php &amp; mySql<\/h3>\n<p>[\/vc_column_text][\/vc_column_inner][vc_column_inner width=&#8221;1\/4&#8243;][vc_single_image image=&#8221;117&#8243; img_size=&#8221;full&#8221;][vc_column_text]<\/p>\n<h3 style=\"text-align: center;\">Installatron<\/h3>\n<p>[\/vc_column_text][\/vc_column_inner][vc_column_inner width=&#8221;1\/4&#8243;][vc_single_image image=&#8221;121&#8243; img_size=&#8221;full&#8221;][vc_column_text]<\/p>\n<h3 style=\"text-align: center;\">VirusScanner<\/h3>\n<p>[\/vc_column_text][\/vc_column_inner][\/vc_row_inner][\/vc_column][\/vc_row][vc_row full_width=&#8221;stretch_row&#8221; el_id=&#8221;features&#8221; css=&#8221;.vc_custom_1596556498259{background-color: #e8e4e4 !important;}&#8221;][vc_column css=&#8221;.vc_custom_1596545648556{padding-top: 40px !important;}&#8221;][vc_column_text css=&#8221;.vc_custom_1597069600265{margin-bottom: 50px !important;}&#8221;]<\/p>\n<h2 style=\"text-align: center;\">Afacerverin tarjoamat mahdollisuudet:<\/h2>\n<p>[\/vc_column_text][vc_column_text]<\/p>\n<h3><strong>Verkkotunnus .FI, .EU, .COM, .ORG, .NET, .INFO, .BIZ vuodeksi lahjaksi!<br \/>\n<\/strong><\/h3>\n<p>Kun ostat meilt\u00e4 PROF, PROF+ -paketin vuodeksi tai PRIME-paketin kahdeksi vuodeksi.[\/vc_column_text][vc_column_text]<\/p>\n<h3><strong>MAKSAESSASI VUODESTA, SAAT ALENNUSTA KAKSI KUUKAUDEN EDEST\u00c4.<\/strong><\/h3>\n<p>Kun ostat meilt\u00e4 PROF-paketin vuodeksi![\/vc_column_text][vc_column_text]<\/p>\n<h3><strong>KAIKISSA WEBHOTELLIPAKETEISSA ON:<\/strong><\/h3>\n<p>RAJATTOMASTI S\u00c4HK\u00d6POSTIOSOITTEITA<br \/>\nRAJATTOMASTI MYSQL-TIETOKANTOJA<br \/>\nRAJATTOMASTI FTP-TILEJ\u00c4<br \/>\nRAJATTOMASTI VERKKOTUNNUKSIA<br \/>\nRAJATTOMASTI ALIVERKKOTUNNUKSIA<br \/>\nRAJATTOMASTI LIS\u00c4VERKKOTUNNUKSIA<br \/>\nRAJATTOMASTI PYS\u00c4K\u00d6ITYJ\u00c4 VERKKOTUNNUKSIA<\/p>\n<p>Installatron on automaattinen sovellusten asentaja (89 sovellusta)<br \/>\nPHP 5.6-7.3<br \/>\nVarmuuskopiot 14 p\u00e4iv\u00e4\u00e4<br \/>\nEasyapache4 + nginx<br \/>\nMariaDB 10 XtraDB<br \/>\nLet&#8217;s encrypt SSL<\/p>\n<h3><strong>HALLINTAPANEELI &#8211; CPANEL<\/strong><\/h3>\n<p>[\/vc_column_text][\/vc_column][\/vc_row][vc_row full_width=&#8221;stretch_row&#8221; el_id=&#8221;reviews&#8221; css=&#8221;.vc_custom_1597053741036{background-color: #f1f1f1 !important;}&#8221;][vc_column][vc_column_text]<\/p>\n<h2 style=\"text-align: center;\">Arvostelut<\/h2>\n<p>[\/vc_column_text][vc_raw_html el_id=&#8221;feedbacs__block&#8221;]JTNDc2NyaXB0JTIwc3JjJTNEJTIyaHR0cHMlM0ElMkYlMkZhcHBzLmVsZnNpZ2h0LmNvbSUyRnAlMkZwbGF0Zm9ybS5qcyUyMiUyMGRlZmVyJTNFJTNDJTJGc2NyaXB0JTNFJTBBJTNDZGl2JTIwY2xhc3MlM0QlMjJlbGZzaWdodC1hcHAtNzhkMzYyNTItMGUzMS00Yjc3LWI0MDItNDcyOWYxMmI2YjEwJTIyJTNFJTNDJTJGZGl2JTNFJTBB[\/vc_raw_html][\/vc_column][\/vc_row][vc_row full_width=&#8221;stretch_row_content_no_spaces&#8221; el_class=&#8221;logos_footer_row&#8221; css=&#8221;.vc_custom_1596981769960{background-color: #e8e4e4 !important;}&#8221; el_id=&#8221;payments&#8221;][vc_column][vc_single_image image=&#8221;163&#8243; img_size=&#8221;full&#8221; alignment=&#8221;center&#8221;][vc_single_image image=&#8221;159&#8243; img_size=&#8221;full&#8221; alignment=&#8221;center&#8221;][vc_single_image image=&#8221;143&#8243; img_size=&#8221;full&#8221; alignment=&#8221;center&#8221;][vc_single_image image=&#8221;147&#8243; img_size=&#8221;full&#8221; alignment=&#8221;center&#8221;][vc_single_image image=&#8221;135&#8243; img_size=&#8221;full&#8221; alignment=&#8221;center&#8221;][vc_single_image image=&#8221;139&#8243; img_size=&#8221;full&#8221; alignment=&#8221;center&#8221;][vc_single_image image=&#8221;762&#8243; img_size=&#8221;full&#8221; alignment=&#8221;center&#8221;][vc_single_image image=&#8221;654&#8243; img_size=&#8221;full&#8221; alignment=&#8221;center&#8221;][vc_single_image image=&#8221;151&#8243; img_size=&#8221;full&#8221; alignment=&#8221;center&#8221;][\/vc_column][\/vc_row]<\/p>\n","protected":false},"excerpt":{"rendered":"<p>[vc_row full_width=&#8221;stretch_row&#8221; el_id=&#8221;domain&#8221; css=&#8221;.vc_custom_1596544866080{background-color: #e8e4e4 !important;}&#8221;][vc_column css=&#8221;.vc_custom_1596545242488{padding-top: 40px !important;}&#8221;][vc_column_text css=&#8221;.vc_custom_1597069194331{margin-bottom: 50px !important;}&#8221;] Verkkotunnus [\/vc_column_text][vc_raw_html]JTNDZGl2JTIwaWQlM0QlMjJkb21haW4tYnV0dG9ucyUyMiUzRSUwQSUyMCUyMCUyMCUyMCUzQ2Zvcm0lMjBhY3Rpb24lM0QlMjJodHRwcyUzQSUyRiUyRnd3dy5hZmFjZXJ2ZXIuZWUlMkZpc2V0ZWVuaW5kdXMlMkZkb21haW5jaGVja2VyLnBocCUzRmxhbmd1YWdlJTNEc3VvbWklMjIlMjBtZXRob2QlM0QlMjJwb3N0JTIyJTNFJTBBJTIwJTIwJTIwJTIwJTIwJTIwJTIwJTIwJTNDZGl2JTIwY2xhc3MlM0QlMjJpbnB1dC1ncm91cCUyMGlucHV0LWdyb3VwLWxnJTIwaW5wdXQtZ3JvdXAtYm94JTIyJTNFJTBBJTIwJTIwJTIwJTIwJTIwJTIwJTIwJTIwJTIwJTIwJTIwJTIwJTNDaW5wdXQlMjB0eXBlJTNEJTIyaGlkZGVuJTIyJTIwbmFtZSUzRCUyMmRpcmVjdCUyMiUyMHZhbHVlJTNEJTIydHJ1ZSUyMiUyMCUyRiUzRSUwQSUyMCUyMCUyMCUyMCUyMCUyMCUyMCUyMCUyMCUyMCUyMCUyMCUzQ2lucHV0JTIwdHlwZSUzRCUyMnRleHQlMjIlMjBuYW1lJTNEJTIyZG9tYWluJTIyJTIwc2l6ZSUzRCUyMjIwJTIyJTIwY2xhc3MlM0QlMjJmb3JtLWNvbnRyb2wlMjIlMjAlMkYlM0UlMEElMjAlMjAlMjAlMjAlMjAlMjAlMjAlMjAlMjAlMjAlMjAlMjAlM0NzZWxlY3QlMjBuYW1lJTNEJTIyZXh0JTIyJTIwY2xhc3MlM0QlMjJmb3JtLWNvbnRyb2wlMjIlM0UlMEElMjAlMjAlMjAlMjAlMjAlMjAlMjAlMjAlMjAlMjAlMjAlMjAlMjAlMjAlMjAlMjAlM0NvcHRpb24lM0UuZWUlM0MlMkZvcHRpb24lM0UlMEElMjAlMjAlMjAlMjAlMjAlMjAlMjAlMjAlMjAlMjAlMjAlMjAlMjAlMjAlMjAlMjAlM0NvcHRpb24lM0UuZXUlM0MlMkZvcHRpb24lM0UlMEElMjAlMjAlMjAlMjAlMjAlMjAlMjAlMjAlMjAlMjAlMjAlMjAlMjAlMjAlMjAlMjAlM0NvcHRpb24lM0UuZmklM0MlMkZvcHRpb24lM0UlMEElMjAlMjAlMjAlMjAlMjAlMjAlMjAlMjAlMjAlMjAlMjAlMjAlMjAlMjAlMjAlMjAlM0NvcHRpb24lM0UubHYlM0MlMkZvcHRpb24lM0UlMEElMjAlMjAlMjAlMjAlMjAlMjAlMjAlMjAlMjAlMjAlMjAlMjAlMjAlMjAlMjAlMjAlM0NvcHRpb24lM0UubHQlM0MlMkZvcHRpb24lM0UlMEElMjAlMjAlMjAlMjAlMjAlMjAlMjAlMjAlMjAlMjAlMjAlMjAlMjAlMjAlMjAlMjAlM0NvcHRpb24lM0Uubm8lM0MlMkZvcHRpb24lM0UlMEElMjAlMjAlMjAlMjAlMjAlMjAlMjAlMjAlMjAlMjAlMjAlMjAlMjAlMjAlMjAlMjAlM0NvcHRpb24lM0Uuc2UlM0MlMkZvcHRpb24lM0UlMEElMjAlMjAlMjAlMjAlMjAlMjAlMjAlMjAlMjAlMjAlMjAlMjAlMjAlMjAlMjAlMjAlM0NvcHRpb24lM0UucnUlM0MlMkZvcHRpb24lM0UlMEElMjAlMjAlMjAlMjAlMjAlMjAlMjAlMjAlMjAlMjAlMjAlMjAlMjAlMjAlMjAlMjAlM0NvcHRpb24lM0UuY29tJTNDJTJGb3B0aW9uJTNFJTBBJTIwJTIwJTIwJTIwJTIwJTIwJTIwJTIwJTIwJTIwJTIwJTIwJTIwJTIwJTIwJTIwJTNDb3B0aW9uJTNFLm9yZyUzQyUyRm9wdGlvbiUzRSUwQSUyMCUyMCUyMCUyMCUyMCUyMCUyMCUyMCUyMCUyMCUyMCUyMCUyMCUyMCUyMCUyMCUzQ29wdGlvbiUzRS5uZXQlM0MlMkZvcHRpb24lM0UlMEElMjAlMjAlMjAlMjAlMjAlMjAlMjAlMjAlMjAlMjAlMjAlMjAlMjAlMjAlMjAlMjAlM0NvcHRpb24lM0UuaW5mbyUzQyUyRm9wdGlvbiUzRSUwQSUyMCUyMCUyMCUyMCUyMCUyMCUyMCUyMCUyMCUyMCUyMCUyMCUyMCUyMCUyMCUyMCUzQ29wdGlvbiUzRS5iaXolM0MlMkZvcHRpb24lM0UlMEElMjAlMjAlMjAlMjAlMjAlMjAlMjAlMjAlMjAlMjAlMjAlMjAlMjAlMjAlMjAlMjAlM0NvcHRpb24lM0UuY28lM0MlMkZvcHRpb24lM0UlMEElMjAlMjAlMjAlMjAlMjAlMjAlMjAlMjAlMjAlMjAlMjAlMjAlMjAlMjAlMjAlMjAlM0NvcHRpb24lM0UuaXQlM0MlMkZvcHRpb24lM0UlMEElMjAlMjAlMjAlMjAlMjAlMjAlMjAlMjAlMjAlMjAlMjAlMjAlM0MlMkZzZWxlY3QlM0UlMEElMjAlMjAlMjAlMjAlMjAlMjAlMjAlMjAlMjAlMjAlMjAlMjAlM0NpbnB1dCUyMHR5cGUlM0QlMjJzdWJtaXQlMjIlMjB2YWx1ZSUzRCUyMkhha3UlMjIlMjBjbGFzcyUzRCUyMmJ0biUyMGJ0bi1wcmltYXJ5JTIwZG9tYWluLWNoZWNrLWF2YWlsYWJpbGl0eSUyMiUyMCUyRiUzRSUwQSUyMCUyMCUyMCUyMCUyMCUyMCUyMCUyMCUzQyUyRmRpdiUzRSUwQSUyMCUyMCUyMCUyMCUzQyUyRmZvcm0lM0UlMEElM0MlMkZkaXYlM0U=[\/vc_raw_html][vc_btn title=&#8221;Domeeni Siirt\u00e4minen&#8221; shape=&#8221;square&#8221; align=&#8221;center&#8221; css_animation=&#8221;none&#8221; link=&#8221;url:https%3A%2F%2Fafacerver.ee%2Fiseteenindus%2Fcart.php%3Fa%3Dadd%26domain%3Dtransfer%26sld%3D%26tld%3D.com%26language%3Dsuomi|||&#8221; el_class=&#8221;button-domain-transport&#8221;][vc_column_text] TLD V\u00e4himm\u00e4isaika (vuotta) Verkkotunnuksen rekister\u00f6inti Siirt\u00e4minen Jatkaminen ee 1 12\u20ac 12\u20ac 12\u20ac eu 1 12\u20ac 12\u20ac 12\u20ac fi 1 20\u20ac 20\u20ac 20\u20ac lv 1 23\u20ac 23\u20ac 23\u20ac lt 1 16\u20ac 16\u20ac 16\u20ac pro 1 [&hellip;]<\/p>\n","protected":false},"author":1,"featured_media":0,"parent":0,"menu_order":0,"comment_status":"closed","ping_status":"closed","template":"","meta":{"footnotes":""},"class_list":["post-40","page","type-page","status-publish","hentry"],"_links":{"self":[{"href":"https:\/\/afacerver.ee\/fi\/wp-json\/wp\/v2\/pages\/40","targetHints":{"allow":["GET"]}}],"collection":[{"href":"https:\/\/afacerver.ee\/fi\/wp-json\/wp\/v2\/pages"}],"about":[{"href":"https:\/\/afacerver.ee\/fi\/wp-json\/wp\/v2\/types\/page"}],"author":[{"embeddable":true,"href":"https:\/\/afacerver.ee\/fi\/wp-json\/wp\/v2\/users\/1"}],"replies":[{"embeddable":true,"href":"https:\/\/afacerver.ee\/fi\/wp-json\/wp\/v2\/comments?post=40"}],"version-history":[{"count":21,"href":"https:\/\/afacerver.ee\/fi\/wp-json\/wp\/v2\/pages\/40\/revisions"}],"predecessor-version":[{"id":802,"href":"https:\/\/afacerver.ee\/fi\/wp-json\/wp\/v2\/pages\/40\/revisions\/802"}],"wp:attachment":[{"href":"https:\/\/afacerver.ee\/fi\/wp-json\/wp\/v2\/media?parent=40"}],"curies":[{"name":"wp","href":"https:\/\/api.w.org\/{rel}","templated":true}]}}